{"id":3290,"date":"2017-09-27T14:50:14","date_gmt":"2017-09-27T12:50:14","guid":{"rendered":"http:\/\/www.igst.it\/nettab\/2017\/?page_id=3290"},"modified":"2018-11-14T16:23:15","modified_gmt":"2018-11-14T15:23:15","slug":"posters-2","status":"publish","type":"page","link":"http:\/\/www.igst.it\/nettab\/2018\/programme\/posters-2\/","title":{"rendered":"Posters"},"content":{"rendered":"<div align=\"right\"><b><a href=\"javascript:window.print();\"><img decoding=\"async\" src=\"\/nettab\/2015\/files\/2014\/12\/printButton.png\" border=\"0\" title=\"Click to print this page\"><\/a><\/b><\/div>\n<div align=\"justify\">\n<strong>List of posters<\/strong><br \/>\nIn the following list posters are ordered by first author surname.<br \/>\nThe following prefixes respectively highlight software demos and flash poster presentations: <b><font color=\"red\">D<\/font><\/b> , <b><font color=\"red\">F<\/font><\/b>.<\/p>\n<p>Posters in PDF are being linked from here, given the agreement of presenters.<br \/>\nFor available presentations, the <img decoding=\"async\" src=\"\/nettab\/2016\/files\/2016\/10\/pdf_icon.png\" width=\"16\"> icon will be displayed.<\/p>\n<div style=\"font-size:80%\">\n<ol>\n<li><a href=\"\/nettab\/2018\/files\/2018\/10\/NETTAB2018_Koehorst_poster.pdf\" target=\"_blank\"><img decoding=\"async\" src=\"\/nettab\/2016\/files\/2016\/10\/pdf_icon.png\" width=\"16\"><\/a> <b><font color=\"red\">D F<\/font> Interoperable genome annotation with GBOL, an extendable infrastructure for functional data mining<\/b><br \/>\nJasper Koehorst, Jon Olav Vik, Peter Schaap and Maria Suarez Diez<\/li>\n<li><b><font color=\"red\">D F<\/font> SAPP: functional genome annotation and analysis through a semantic framework using FAIR principles<\/b><br \/>\nPeter Schaap, Jasper Koehorst and Maria Suarez Diez<\/li>\n<li><b><font color=\"red\">F<\/font> ARTENOLIS, the automated reproducibility and testing environment for licensed software<\/b><br \/>\nLaurent Heirendt, Sylvain Arreckx, Christophe Trefois, Yohan Jarosz, Maharshi Vyas, Venkata P. Satagopam, Reinhard Schneider, Ines Thiele and Ronan M. T. Fleming<\/li>\n<li><a href=\"\/nettab\/2018\/files\/2018\/10\/NETTAB2018_Butler.pdf\" target=\"_blank\"><img decoding=\"async\" src=\"\/nettab\/2016\/files\/2016\/10\/pdf_icon.png\" width=\"16\"><\/a> <b><font color=\"red\">F<\/font> Building a FAIR Environment for a Bioinformatics Project using Machine Learning<\/b><br \/>\nGregory Butler and Tristan Glatard<\/li>\n<li><a href=\"\/nettab\/2018\/files\/2018\/10\/NETTAB2018_Strazar_poster.pdf\" target=\"_blank\"><img decoding=\"async\" src=\"\/nettab\/2016\/files\/2016\/10\/pdf_icon.png\" width=\"16\"><\/a> <b><font color=\"red\">D<\/font> scOrange: Single-Cell Data Mining for Everyone<\/b><br \/>\nMartin Stra\u017ear, Lan \u017dagar, Jaka Koko\u0161ar, Vesna Tanko, Pavlin Poli\u010dar, Ale\u0161 Erjavec, An\u017ee Stari\u010d, Vilas Menon, Rui Chen, Gad Shaulsky, Andrew Lemire, Anup Parikh and Bla\u017e Zupan<\/li>\n<li><a href=\"\/nettab\/2018\/files\/2018\/10\/NETTAB2018_Butano_poster.pdf\" target=\"_blank\"><img decoding=\"async\" src=\"\/nettab\/2016\/files\/2016\/10\/pdf_icon.png\" width=\"16\"><\/a> <b><font color=\"red\">F<\/font> Implementing FAIR Identifiers in InterMine with identifiers.org<\/b><br \/>\nDaniela Butano and Justin Clark-Casey<\/li>\n<li><b>Microbial Transglutaminases&#8217; structure and their evolution<\/b><br \/>\nDeborah Giordano and Angelo Facchiano<\/li>\n<li><a href=\"\/nettab\/2018\/files\/2018\/10\/NETTAB2018_Dotolo.pdf\" target=\"_blank\"><img decoding=\"async\" src=\"\/nettab\/2016\/files\/2016\/10\/pdf_icon.png\" width=\"16\"><\/a> <b>Detection of the impairment of allosteric regulation in Sirtuin2 proteins through molecular dynamics and residue coevolution analysis<\/b><br \/>\nSerena Dotolo, Sarath Dantu, Angelo Facchiano and Alessandro Pandini<\/li>\n<li><a href=\"\/nettab\/2018\/files\/2018\/11\/NETTAB2018_Izzo_poster.pdf\" target=\"_blank\"><img decoding=\"async\" src=\"\/nettab\/2016\/files\/2016\/10\/pdf_icon.png\" width=\"16\"><\/a> <b><font color=\"red\">F<\/font> FAIRsharing: latest developments and future perspectives<\/b><br \/>\nMassimiliano Izzo, Peter Mcquilton, Milo Thurston, Allyson Lister, Alejandra Gonzalez-Beltran, Philippe Rocca-Serra and Susanna-Assunta Sansone<\/li>\n<li><a href=\"\/nettab\/2018\/files\/2018\/10\/NETTAB2018_Alary_poster.pdf\" target=\"_blank\"><img decoding=\"async\" src=\"\/nettab\/2016\/files\/2016\/10\/pdf_icon.png\" width=\"16\"><\/a> <b><font color=\"red\">D<\/font> PHIS, a plant science ontology-driven Phenotyping Hybrid Information System<\/b><br \/>\nPascal Neveu, Pierre-Etienne Alary and Lloren\u00e7 Cabrera-Bosquet<\/li>\n<li><a href=\"\/nettab\/2018\/files\/2018\/11\/NETTAB2018_Garcia_poster.pdf\" target=\"_blank\"><img decoding=\"async\" src=\"\/nettab\/2016\/files\/2016\/10\/pdf_icon.png\" width=\"16\"><\/a> <b><font color=\"red\">F<\/font> FAIRness assessment for UniProt datasets<\/b><br \/>\nLeyla Jael Garc\u00eda Castro, Maria Martin and Uniprot Consortium<\/li>\n<li><a href=\"\/nettab\/2018\/files\/2018\/10\/NETTAB2018_Arcila_poster.pdf\" target=\"_blank\"><img decoding=\"async\" src=\"\/nettab\/2016\/files\/2016\/10\/pdf_icon.png\" width=\"16\"><\/a> <b><font color=\"red\">F<\/font> A FAIRer ChEMBL website<\/b><br \/>\nRicardo Arcila, Anna Gaulton and David Mendez<\/li>\n<li><a href=\"\/nettab\/2018\/files\/2018\/11\/NETTAB2018_Minotto_poster.pdf\" target=\"_blank\"><img decoding=\"async\" src=\"\/nettab\/2016\/files\/2016\/10\/pdf_icon.png\" width=\"16\"><\/a> <b>Support open science and FAIRness through an integrated collaborative platform for life science: CyVerse UK and hosted services<\/b><br \/>\nAlice Minotto, Xingdong Bian, Anthony Etuk, Felix Shaw, Nicola Soranzo, Anil Thanki, Simon Tyrrell and Robert Davey<\/li>\n<li><b>Streaming the Durum Wheat genomic data by means of a new open standard<\/b><br \/>\nAndrea Manconi, Marco Moscatelli, Matteo Gnocchi and Luciano Milanesi<\/li>\n<li><b>Towards a FAIR Osteogenesis Imperfecta patient registry<\/b><br \/>\nMarina Mordenti, Annika Jacobsen, Manuela Locatelli, Manila Boarini, Mark Thompson, David van Enckevort, Marco Roos and Luca Sangiorgi<\/li>\n<li><b>i2b2 Ontology curation leveraging clinical notes<\/b><br \/>\nLorenzo Chiudinelli, Natalia Viani, Alberto Zambelli, Matteo Gabetta, Mauro Bucalo, Arianna Ghirardi, Eleonora Sfreddo, Lucia Sacchi, Carlo Tondini and Riccardo Bellazzi<\/li>\n<li><b>About FAIRness of microbial resource data<\/b><br \/>\nPaolo Romano<\/li>\n<\/ol>\n<p><!--\n\n\n<dd><strong>P1 Visualizing Mutation Occurrence using Big Data<\/strong>. (see <a href=\"https:\/\/peerj.com\/preprints\/3325\/\" target=\"_blank\">PeerJ Preprint<\/a>) <a href=\"\/nettab\/2017\/files\/2017\/10\/NETTAB2017_Albert.pdf\"><img decoding=\"async\" src=\"\/nettab\/2016\/files\/2016\/10\/pdf_icon.png\" width=\"16\"><\/a> \n-->\n<\/div>\n<\/div>\n","protected":false},"excerpt":{"rendered":"<p>List of posters In the following list posters are ordered by first author surname. The following prefixes respectively highlight software demos and flash poster presentations: D , F. Posters in PDF are being linked from here, given the agreement of presenters. For available presentations, the icon will be displayed. D F Interoperable genome annotation with [&hellip;]<\/p>\n","protected":false},"author":1,"featured_media":0,"parent":7,"menu_order":10,"comment_status":"closed","ping_status":"closed","template":"","meta":{"footnotes":""},"class_list":["post-3290","page","type-page","status-publish","hentry"],"_links":{"self":[{"href":"http:\/\/www.igst.it\/nettab\/2018\/wp-json\/wp\/v2\/pages\/3290","targetHints":{"allow":["GET"]}}],"collection":[{"href":"http:\/\/www.igst.it\/nettab\/2018\/wp-json\/wp\/v2\/pages"}],"about":[{"href":"http:\/\/www.igst.it\/nettab\/2018\/wp-json\/wp\/v2\/types\/page"}],"author":[{"embeddable":true,"href":"http:\/\/www.igst.it\/nettab\/2018\/wp-json\/wp\/v2\/users\/1"}],"replies":[{"embeddable":true,"href":"http:\/\/www.igst.it\/nettab\/2018\/wp-json\/wp\/v2\/comments?post=3290"}],"version-history":[{"count":20,"href":"http:\/\/www.igst.it\/nettab\/2018\/wp-json\/wp\/v2\/pages\/3290\/revisions"}],"predecessor-version":[{"id":3995,"href":"http:\/\/www.igst.it\/nettab\/2018\/wp-json\/wp\/v2\/pages\/3290\/revisions\/3995"}],"up":[{"embeddable":true,"href":"http:\/\/www.igst.it\/nettab\/2018\/wp-json\/wp\/v2\/pages\/7"}],"wp:attachment":[{"href":"http:\/\/www.igst.it\/nettab\/2018\/wp-json\/wp\/v2\/media?parent=3290"}],"curies":[{"name":"wp","href":"https:\/\/api.w.org\/{rel}","templated":true}]}}